{"id":594,"date":"2023-03-25T16:48:51","date_gmt":"2023-03-25T16:48:51","guid":{"rendered":"https:\/\/saibachdeifel1.homepage.t-online.de\/wpnew\/?page_id=594"},"modified":"2026-05-03T06:24:28","modified_gmt":"2026-05-03T05:24:28","slug":"aktuelles","status":"publish","type":"page","link":"https:\/\/nzt-saibachdeifel.de\/?page_id=594","title":{"rendered":"Aktuelles"},"content":{"rendered":"\t\t<div data-elementor-type=\"wp-page\" data-elementor-id=\"594\" class=\"elementor elementor-594\">\n\t\t\t\t\t\t<section class=\"elementor-section elementor-top-section elementor-element elementor-element-64e2316 elementor-section-boxed elementor-section-height-default elementor-section-height-default\" data-id=\"64e2316\" data-element_type=\"section\" data-e-type=\"section\">\n\t\t\t\t\t\t<div class=\"elementor-container elementor-column-gap-default\">\n\t\t\t\t\t<div class=\"elementor-column elementor-col-100 elementor-top-column elementor-element elementor-element-ef13473\" data-id=\"ef13473\" data-element_type=\"column\" data-e-type=\"column\">\n\t\t\t<div class=\"elementor-widget-wrap elementor-element-populated\">\n\t\t\t\t\t\t<div class=\"elementor-element elementor-element-9dfbea8 elementor-widget elementor-widget-heading\" data-id=\"9dfbea8\" data-element_type=\"widget\" data-e-type=\"widget\" data-widget_type=\"heading.default\">\n\t\t\t\t<div class=\"elementor-widget-container\">\n\t\t\t\t\t<h2 class=\"elementor-heading-title elementor-size-default\">Jahreshauptversammlung 2026\n<\/h2>\t\t\t\t<\/div>\n\t\t\t\t<\/div>\n\t\t\t\t\t<\/div>\n\t\t<\/div>\n\t\t\t\t\t<\/div>\n\t\t<\/section>\n\t\t\t\t<section class=\"elementor-section elementor-top-section elementor-element elementor-element-c24b769 elementor-section-boxed elementor-section-height-default elementor-section-height-default\" data-id=\"c24b769\" data-element_type=\"section\" data-e-type=\"section\">\n\t\t\t\t\t\t<div class=\"elementor-container elementor-column-gap-default\">\n\t\t\t\t\t<div class=\"elementor-column elementor-col-100 elementor-top-column elementor-element elementor-element-e74732c\" data-id=\"e74732c\" data-element_type=\"column\" data-e-type=\"column\">\n\t\t\t<div class=\"elementor-widget-wrap elementor-element-populated\">\n\t\t\t\t\t\t<div class=\"elementor-element elementor-element-9a2ca76 elementor-widget elementor-widget-text-editor\" data-id=\"9a2ca76\" data-element_type=\"widget\" data-e-type=\"widget\" data-widget_type=\"text-editor.default\">\n\t\t\t\t<div class=\"elementor-widget-container\">\n\t\t\t\t\t\t\t\t\t<p class=\"p1\"><span style=\"font-size: 14px;\">Am 17.04.26 fand unsere JHV in der Krone, um 20 Uhr statt.<\/span><\/p><p class=\"p1\">Neben den Berichten der Vorstandschaft und allgemeinen Themen, welche uns letztes Jahr begleitet haben und auch dieses Jahr begleiten werden, stand die Wahl unsere Vorstandschaft sowie den Beisitzern &#8211; unserem Elferrat- an.<\/p><p class=\"p1\">Ein besonderer Moment waren zudem die Ehrungen langj\u00e4hriger Mitglieder. Vielen Dank f\u00fcr eure Treue und Unterst\u00fctzung \u2013 auch an alle, die heute nicht pers\u00f6nlich dabei sein konnten.<\/p>\t\t\t\t\t\t\t\t<\/div>\n\t\t\t\t<\/div>\n\t\t\t\t\t<\/div>\n\t\t<\/div>\n\t\t\t\t\t<\/div>\n\t\t<\/section>\n\t\t\t\t<section class=\"elementor-section elementor-top-section elementor-element elementor-element-3ec2361 elementor-section-boxed elementor-section-height-default elementor-section-height-default\" data-id=\"3ec2361\" data-element_type=\"section\" data-e-type=\"section\">\n\t\t\t\t\t\t<div class=\"elementor-container elementor-column-gap-default\">\n\t\t\t\t\t<div class=\"elementor-column elementor-col-100 elementor-top-column elementor-element elementor-element-2e6b53e\" data-id=\"2e6b53e\" data-element_type=\"column\" data-e-type=\"column\">\n\t\t\t<div class=\"elementor-widget-wrap elementor-element-populated\">\n\t\t\t\t\t\t<div class=\"elementor-element elementor-element-a16c7e0 elementor-widget elementor-widget-image\" data-id=\"a16c7e0\" data-element_type=\"widget\" data-e-type=\"widget\" data-widget_type=\"image.default\">\n\t\t\t\t<div class=\"elementor-widget-container\">\n\t\t\t\t\t\t\t\t\t\t\t\t\t\t\t<img fetchpriority=\"high\" decoding=\"async\" width=\"768\" height=\"557\" src=\"https:\/\/nzt-saibachdeifel.de\/wp-content\/uploads\/2b70ab6c-bbbf-4ea9-b96b-79f26c504f23-768x557.jpeg\" class=\"attachment-medium_large size-medium_large wp-image-1852\" alt=\"\" srcset=\"https:\/\/nzt-saibachdeifel.de\/wp-content\/uploads\/2b70ab6c-bbbf-4ea9-b96b-79f26c504f23-768x557.jpeg 768w, https:\/\/nzt-saibachdeifel.de\/wp-content\/uploads\/2b70ab6c-bbbf-4ea9-b96b-79f26c504f23-300x218.jpeg 300w, https:\/\/nzt-saibachdeifel.de\/wp-content\/uploads\/2b70ab6c-bbbf-4ea9-b96b-79f26c504f23-600x436.jpeg 600w, https:\/\/nzt-saibachdeifel.de\/wp-content\/uploads\/2b70ab6c-bbbf-4ea9-b96b-79f26c504f23.jpeg 828w\" sizes=\"(max-width: 768px) 100vw, 768px\" \/>\t\t\t\t\t\t\t\t\t\t\t\t\t\t\t<\/div>\n\t\t\t\t<\/div>\n\t\t\t\t\t<\/div>\n\t\t<\/div>\n\t\t\t\t\t<\/div>\n\t\t<\/section>\n\t\t\t\t<section class=\"elementor-section elementor-top-section elementor-element elementor-element-8ffa98a elementor-section-boxed elementor-section-height-default elementor-section-height-default\" data-id=\"8ffa98a\" data-element_type=\"section\" data-e-type=\"section\">\n\t\t\t\t\t\t<div class=\"elementor-container elementor-column-gap-default\">\n\t\t\t\t\t<div class=\"elementor-column elementor-col-100 elementor-top-column elementor-element elementor-element-f127e86\" data-id=\"f127e86\" data-element_type=\"column\" data-e-type=\"column\">\n\t\t\t<div class=\"elementor-widget-wrap elementor-element-populated\">\n\t\t\t\t\t\t<div class=\"elementor-element elementor-element-29223ff elementor-widget elementor-widget-text-editor\" data-id=\"29223ff\" data-element_type=\"widget\" data-e-type=\"widget\" data-widget_type=\"text-editor.default\">\n\t\t\t\t<div class=\"elementor-widget-container\">\n\t\t\t\t\t\t\t\t\t<p class=\"p1\"><strong>Vorstandschaft: Marcel Madaus, Annika Sautter, Oliver Meyer, Martin M\u00fcller, Thomas Sautter\u00a0<\/strong><\/p><p class=\"p1\"><strong>herzlichen Gl\u00fcckwunsch zur Wiederwahl<\/strong><\/p>\t\t\t\t\t\t\t\t<\/div>\n\t\t\t\t<\/div>\n\t\t\t\t\t<\/div>\n\t\t<\/div>\n\t\t\t\t\t<\/div>\n\t\t<\/section>\n\t\t\t\t<section class=\"elementor-section elementor-top-section elementor-element elementor-element-c541f99 elementor-section-boxed elementor-section-height-default elementor-section-height-default\" data-id=\"c541f99\" data-element_type=\"section\" data-e-type=\"section\">\n\t\t\t\t\t\t<div class=\"elementor-container elementor-column-gap-default\">\n\t\t\t\t\t<div class=\"elementor-column elementor-col-100 elementor-top-column elementor-element elementor-element-564644a\" data-id=\"564644a\" data-element_type=\"column\" data-e-type=\"column\">\n\t\t\t<div class=\"elementor-widget-wrap elementor-element-populated\">\n\t\t\t\t\t\t<div class=\"elementor-element elementor-element-50eac14 elementor-widget elementor-widget-image\" data-id=\"50eac14\" data-element_type=\"widget\" data-e-type=\"widget\" data-widget_type=\"image.default\">\n\t\t\t\t<div class=\"elementor-widget-container\">\n\t\t\t\t\t\t\t\t\t\t\t\t\t\t\t<img decoding=\"async\" width=\"828\" height=\"427\" src=\"https:\/\/nzt-saibachdeifel.de\/wp-content\/uploads\/ef1bf364-3354-4f1a-b63e-ddb0f46c8c3c.jpeg\" class=\"attachment-large size-large wp-image-1853\" alt=\"\" srcset=\"https:\/\/nzt-saibachdeifel.de\/wp-content\/uploads\/ef1bf364-3354-4f1a-b63e-ddb0f46c8c3c.jpeg 828w, https:\/\/nzt-saibachdeifel.de\/wp-content\/uploads\/ef1bf364-3354-4f1a-b63e-ddb0f46c8c3c-300x155.jpeg 300w, https:\/\/nzt-saibachdeifel.de\/wp-content\/uploads\/ef1bf364-3354-4f1a-b63e-ddb0f46c8c3c-768x396.jpeg 768w, https:\/\/nzt-saibachdeifel.de\/wp-content\/uploads\/ef1bf364-3354-4f1a-b63e-ddb0f46c8c3c-600x309.jpeg 600w\" sizes=\"(max-width: 828px) 100vw, 828px\" \/>\t\t\t\t\t\t\t\t\t\t\t\t\t\t\t<\/div>\n\t\t\t\t<\/div>\n\t\t\t\t\t<\/div>\n\t\t<\/div>\n\t\t\t\t\t<\/div>\n\t\t<\/section>\n\t\t\t\t<section class=\"elementor-section elementor-top-section elementor-element elementor-element-1dc8a14 elementor-section-boxed elementor-section-height-default elementor-section-height-default\" data-id=\"1dc8a14\" data-element_type=\"section\" data-e-type=\"section\">\n\t\t\t\t\t\t<div class=\"elementor-container elementor-column-gap-default\">\n\t\t\t\t\t<div class=\"elementor-column elementor-col-100 elementor-top-column elementor-element elementor-element-41dcf9d\" data-id=\"41dcf9d\" data-element_type=\"column\" data-e-type=\"column\">\n\t\t\t<div class=\"elementor-widget-wrap elementor-element-populated\">\n\t\t\t\t\t\t<div class=\"elementor-element elementor-element-ab94d80 elementor-widget elementor-widget-text-editor\" data-id=\"ab94d80\" data-element_type=\"widget\" data-e-type=\"widget\" data-widget_type=\"text-editor.default\">\n\t\t\t\t<div class=\"elementor-widget-container\">\n\t\t\t\t\t\t\t\t\t<p class=\"p1\"><strong>Beisitzer: Julian M\u00fcller, Florian Wurster, Johanna Loock, Laura Speidel, Lara Sautter, Manuel Eissler<\/strong><\/p><p class=\"p1\"><strong>Gl\u00fcckwunsch zur Wieder- und Neuwahl<\/strong><\/p>\t\t\t\t\t\t\t\t<\/div>\n\t\t\t\t<\/div>\n\t\t\t\t\t<\/div>\n\t\t<\/div>\n\t\t\t\t\t<\/div>\n\t\t<\/section>\n\t\t\t\t<section class=\"elementor-section elementor-top-section elementor-element elementor-element-aeca334 elementor-section-boxed elementor-section-height-default elementor-section-height-default\" data-id=\"aeca334\" data-element_type=\"section\" data-e-type=\"section\">\n\t\t\t\t\t\t<div class=\"elementor-container elementor-column-gap-default\">\n\t\t\t\t\t<div class=\"elementor-column elementor-col-100 elementor-top-column elementor-element elementor-element-17987dc\" data-id=\"17987dc\" data-element_type=\"column\" data-e-type=\"column\">\n\t\t\t<div class=\"elementor-widget-wrap elementor-element-populated\">\n\t\t\t\t\t\t<div class=\"elementor-element elementor-element-2d26c09 elementor-widget elementor-widget-image\" data-id=\"2d26c09\" data-element_type=\"widget\" data-e-type=\"widget\" data-widget_type=\"image.default\">\n\t\t\t\t<div class=\"elementor-widget-container\">\n\t\t\t\t\t\t\t\t\t\t\t\t\t\t\t<img decoding=\"async\" width=\"600\" height=\"450\" src=\"https:\/\/nzt-saibachdeifel.de\/wp-content\/uploads\/2d2a0e5b-aee8-47a3-a5b7-49e10941da0b-600x450.jpeg\" class=\"attachment-woocommerce_single size-woocommerce_single wp-image-1854\" alt=\"\" srcset=\"https:\/\/nzt-saibachdeifel.de\/wp-content\/uploads\/2d2a0e5b-aee8-47a3-a5b7-49e10941da0b-600x450.jpeg 600w, https:\/\/nzt-saibachdeifel.de\/wp-content\/uploads\/2d2a0e5b-aee8-47a3-a5b7-49e10941da0b-300x225.jpeg 300w, https:\/\/nzt-saibachdeifel.de\/wp-content\/uploads\/2d2a0e5b-aee8-47a3-a5b7-49e10941da0b-768x576.jpeg 768w, https:\/\/nzt-saibachdeifel.de\/wp-content\/uploads\/2d2a0e5b-aee8-47a3-a5b7-49e10941da0b-1536x1152.jpeg 1536w, https:\/\/nzt-saibachdeifel.de\/wp-content\/uploads\/2d2a0e5b-aee8-47a3-a5b7-49e10941da0b.jpeg 1600w\" sizes=\"(max-width: 600px) 100vw, 600px\" \/>\t\t\t\t\t\t\t\t\t\t\t\t\t\t\t<\/div>\n\t\t\t\t<\/div>\n\t\t\t\t<div class=\"elementor-element elementor-element-0350859 elementor-widget elementor-widget-text-editor\" data-id=\"0350859\" data-element_type=\"widget\" data-e-type=\"widget\" data-widget_type=\"text-editor.default\">\n\t\t\t\t<div class=\"elementor-widget-container\">\n\t\t\t\t\t\t\t\t\t<p class=\"p1\"><strong>Ehrungen Mitglieder: Dennis Henes, Julian M\u00fcller, Peter Sautter<\/strong><\/p><p class=\"p1\"><strong>Ein herzliches Dankesch\u00f6n gilt auch den Geehrten, die nicht auf dem Bild zu sehen sind, f\u00fcr ihre langj\u00e4hrige Treue und Unterst\u00fctzung.<\/strong><\/p>\t\t\t\t\t\t\t\t<\/div>\n\t\t\t\t<\/div>\n\t\t\t\t\t<\/div>\n\t\t<\/div>\n\t\t\t\t\t<\/div>\n\t\t<\/section>\n\t\t\t\t<\/div>\n\t\t","protected":false},"excerpt":{"rendered":"<p>Jahreshauptversammlung 2026 Am 17.04.26 fand unsere JHV in der Krone, um 20 Uhr statt. Neben den Berichten der Vorstandschaft und allgemeinen Themen, welche uns letztes Jahr begleitet haben und auch dieses Jahr begleiten werden, stand die Wahl unsere Vorstandschaft sowie den Beisitzern &#8211; unserem Elferrat- an. Ein besonderer Moment waren zudem die Ehrungen langj\u00e4hriger Mitglieder. [&hellip;]<\/p>\n","protected":false},"author":1,"featured_media":0,"parent":0,"menu_order":0,"comment_status":"closed","ping_status":"closed","template":"","meta":{"ocean_post_layout":"","ocean_both_sidebars_style":"","ocean_both_sidebars_content_width":0,"ocean_both_sidebars_sidebars_width":0,"ocean_sidebar":"0","ocean_second_sidebar":"0","ocean_disable_margins":"enable","ocean_add_body_class":"","ocean_shortcode_before_top_bar":"","ocean_shortcode_after_top_bar":"","ocean_shortcode_before_header":"","ocean_shortcode_after_header":"","ocean_has_shortcode":"","ocean_shortcode_after_title":"","ocean_shortcode_before_footer_widgets":"","ocean_shortcode_after_footer_widgets":"","ocean_shortcode_before_footer_bottom":"","ocean_shortcode_after_footer_bottom":"","ocean_display_top_bar":"default","ocean_display_header":"default","ocean_header_style":"","ocean_center_header_left_menu":"0","ocean_custom_header_template":"0","ocean_custom_logo":0,"ocean_custom_retina_logo":0,"ocean_custom_logo_max_width":0,"ocean_custom_logo_tablet_max_width":0,"ocean_custom_logo_mobile_max_width":0,"ocean_custom_logo_max_height":0,"ocean_custom_logo_tablet_max_height":0,"ocean_custom_logo_mobile_max_height":0,"ocean_header_custom_menu":"0","ocean_menu_typo_font_family":"0","ocean_menu_typo_font_subset":"","ocean_menu_typo_font_size":0,"ocean_menu_typo_font_size_tablet":0,"ocean_menu_typo_font_size_mobile":0,"ocean_menu_typo_font_size_unit":"px","ocean_menu_typo_font_weight":"","ocean_menu_typo_font_weight_tablet":"","ocean_menu_typo_font_weight_mobile":"","ocean_menu_typo_transform":"","ocean_menu_typo_transform_tablet":"","ocean_menu_typo_transform_mobile":"","ocean_menu_typo_line_height":0,"ocean_menu_typo_line_height_tablet":0,"ocean_menu_typo_line_height_mobile":0,"ocean_menu_typo_line_height_unit":"","ocean_menu_typo_spacing":0,"ocean_menu_typo_spacing_tablet":0,"ocean_menu_typo_spacing_mobile":0,"ocean_menu_typo_spacing_unit":"","ocean_menu_link_color":"","ocean_menu_link_color_hover":"","ocean_menu_link_color_active":"","ocean_menu_link_background":"","ocean_menu_link_hover_background":"","ocean_menu_link_active_background":"","ocean_menu_social_links_bg":"","ocean_menu_social_hover_links_bg":"","ocean_menu_social_links_color":"","ocean_menu_social_hover_links_color":"","ocean_disable_title":"default","ocean_disable_heading":"default","ocean_post_title":"","ocean_post_subheading":"","ocean_post_title_style":"","ocean_post_title_background_color":"","ocean_post_title_background":0,"ocean_post_title_bg_image_position":"","ocean_post_title_bg_image_attachment":"","ocean_post_title_bg_image_repeat":"","ocean_post_title_bg_image_size":"","ocean_post_title_height":0,"ocean_post_title_bg_overlay":0.5,"ocean_post_title_bg_overlay_color":"","ocean_disable_breadcrumbs":"default","ocean_breadcrumbs_color":"","ocean_breadcrumbs_separator_color":"","ocean_breadcrumbs_links_color":"","ocean_breadcrumbs_links_hover_color":"","ocean_display_footer_widgets":"default","ocean_display_footer_bottom":"default","ocean_custom_footer_template":"0","footnotes":""},"class_list":["post-594","page","type-page","status-publish","hentry","entry","owp-thumbs-layout-horizontal","owp-btn-normal","owp-tabs-layout-horizontal","has-no-thumbnails","has-product-nav"],"jetpack_sharing_enabled":true,"_links":{"self":[{"href":"https:\/\/nzt-saibachdeifel.de\/index.php?rest_route=\/wp\/v2\/pages\/594","targetHints":{"allow":["GET"]}}],"collection":[{"href":"https:\/\/nzt-saibachdeifel.de\/index.php?rest_route=\/wp\/v2\/pages"}],"about":[{"href":"https:\/\/nzt-saibachdeifel.de\/index.php?rest_route=\/wp\/v2\/types\/page"}],"author":[{"embeddable":true,"href":"https:\/\/nzt-saibachdeifel.de\/index.php?rest_route=\/wp\/v2\/users\/1"}],"replies":[{"embeddable":true,"href":"https:\/\/nzt-saibachdeifel.de\/index.php?rest_route=%2Fwp%2Fv2%2Fcomments&post=594"}],"version-history":[{"count":87,"href":"https:\/\/nzt-saibachdeifel.de\/index.php?rest_route=\/wp\/v2\/pages\/594\/revisions"}],"predecessor-version":[{"id":1858,"href":"https:\/\/nzt-saibachdeifel.de\/index.php?rest_route=\/wp\/v2\/pages\/594\/revisions\/1858"}],"wp:attachment":[{"href":"https:\/\/nzt-saibachdeifel.de\/index.php?rest_route=%2Fwp%2Fv2%2Fmedia&parent=594"}],"curies":[{"name":"wp","href":"https:\/\/api.w.org\/{rel}","templated":true}]}}